{"id":17,"date":"2020-11-24T07:51:31","date_gmt":"2020-11-24T07:51:31","guid":{"rendered":"https:\/\/aieivai.net\/?page_id=17"},"modified":"2021-09-14T07:57:45","modified_gmt":"2021-09-14T07:57:45","slug":"home","status":"publish","type":"page","link":"https:\/\/aieivai.net\/en\/","title":{"rendered":"Home page"},"content":{"rendered":"","protected":false},"excerpt":{"rendered":"","protected":false},"author":2,"featured_media":0,"parent":0,"menu_order":0,"comment_status":"closed","ping_status":"closed","template":"","meta":{"_acf_changed":false,"_seopress_robots_primary_cat":"","_seopress_titles_title":"Ai Ei Vai \u2022 Vesa Koivu \u2022 Valokuvaaja, puutarhuri, tietokirjailija: valokuvia, perennoja, kirjoja","_seopress_titles_desc":"len valokuvaaja ja puutarhuri Kuhmoisissa. T\u00e4\u00e4lt\u00e4 l\u00f6yd\u00e4t kaikki kuvapalveluni. T\u00e4\u00e4lt\u00e4 voit tilata my\u00f6s koristekasveja, jotka olen kasvattanut omalla taimitarhallani. Tervetuloa!","_seopress_robots_index":"","footnotes":""},"class_list":["post-17","page","type-page","status-publish","hentry"],"acf":[],"_links":{"self":[{"href":"https:\/\/aieivai.net\/en\/wp-json\/wp\/v2\/pages\/17","targetHints":{"allow":["GET"]}}],"collection":[{"href":"https:\/\/aieivai.net\/en\/wp-json\/wp\/v2\/pages"}],"about":[{"href":"https:\/\/aieivai.net\/en\/wp-json\/wp\/v2\/types\/page"}],"author":[{"embeddable":true,"href":"https:\/\/aieivai.net\/en\/wp-json\/wp\/v2\/users\/2"}],"replies":[{"embeddable":true,"href":"https:\/\/aieivai.net\/en\/wp-json\/wp\/v2\/comments?post=17"}],"version-history":[{"count":0,"href":"https:\/\/aieivai.net\/en\/wp-json\/wp\/v2\/pages\/17\/revisions"}],"wp:attachment":[{"href":"https:\/\/aieivai.net\/en\/wp-json\/wp\/v2\/media?parent=17"}],"curies":[{"name":"wp","href":"https:\/\/api.w.org\/{rel}","templated":true}]}}